{"id":2833,"date":"2024-10-03T14:14:22","date_gmt":"2024-10-03T12:14:22","guid":{"rendered":"https:\/\/nsme.adapt.se\/ncf-2025\/?post_type=product&#038;p=2833"},"modified":"2024-10-04T14:42:48","modified_gmt":"2024-10-04T12:42:48","slug":"vajerpunkt","status":"publish","type":"product","link":"https:\/\/nsme.adapt.se\/ncf-2025\/product\/vajerpunkt\/","title":{"rendered":"Vajerpunkt"},"content":{"rendered":"<p>Tj\u00e4nsten erbjuds p\u00e5 f\u00f6rfr\u00e5gan via separat mejl, priset p\u00e5 offert.<\/p>\n<p>V\u00e4nligen kontakta <a href=\"mailto:ncf-2025@adapt.se\">ncf-2025@adapt.se<\/a><\/p>\n","protected":false},"excerpt":{"rendered":"<p>Tj\u00e4nsten erbjuds p\u00e5 f\u00f6rfr\u00e5gan via separat mejl, priset p\u00e5 offert. V\u00e4nligen kontakta ncf-2025@adapt.se<\/p>\n","protected":false},"featured_media":2878,"template":"","meta":{"site-sidebar-layout":"default","site-content-layout":"default","ast-global-header-display":"","ast-banner-title-visibility":"","ast-main-header-display":"","ast-hfb-above-header-display":"","ast-hfb-below-header-display":"","ast-hfb-mobile-header-display":"","site-post-title":"","ast-breadcrumbs-content":"","ast-featured-img":"","footer-sml-layout":"","theme-transparent-header-meta":"default","adv-header-id-meta":"","stick-header-meta":"","header-above-stick-meta":"","header-main-stick-meta":"","header-below-stick-meta":""},"product_cat":[27,42],"product_tag":[],"_links":{"self":[{"href":"https:\/\/nsme.adapt.se\/ncf-2025\/wp-json\/wp\/v2\/product\/2833"}],"collection":[{"href":"https:\/\/nsme.adapt.se\/ncf-2025\/wp-json\/wp\/v2\/product"}],"about":[{"href":"https:\/\/nsme.adapt.se\/ncf-2025\/wp-json\/wp\/v2\/types\/product"}],"version-history":[{"count":3,"href":"https:\/\/nsme.adapt.se\/ncf-2025\/wp-json\/wp\/v2\/product\/2833\/revisions"}],"predecessor-version":[{"id":3134,"href":"https:\/\/nsme.adapt.se\/ncf-2025\/wp-json\/wp\/v2\/product\/2833\/revisions\/3134"}],"wp:featuredmedia":[{"embeddable":true,"href":"https:\/\/nsme.adapt.se\/ncf-2025\/wp-json\/wp\/v2\/media\/2878"}],"wp:attachment":[{"href":"https:\/\/nsme.adapt.se\/ncf-2025\/wp-json\/wp\/v2\/media?parent=2833"}],"wp:term":[{"taxonomy":"product_cat","embeddable":true,"href":"https:\/\/nsme.adapt.se\/ncf-2025\/wp-json\/wp\/v2\/product_cat?post=2833"},{"taxonomy":"product_tag","embeddable":true,"href":"https:\/\/nsme.adapt.se\/ncf-2025\/wp-json\/wp\/v2\/product_tag?post=2833"}],"curies":[{"name":"wp","href":"https:\/\/api.w.org\/{rel}","templated":true}]}}